{"id":2449,"date":"2023-06-16T18:38:12","date_gmt":"2023-06-16T18:38:12","guid":{"rendered":"https:\/\/fslb.com.mx\/grupotensa\/?page_id=2449"},"modified":"2023-07-25T21:47:23","modified_gmt":"2023-07-26T03:47:23","slug":"membranas-tpo-pvc-epd-2","status":"publish","type":"page","link":"https:\/\/fslb.com.mx\/grupotensa\/membranas-tpo-pvc-epd-2\/","title":{"rendered":"Membranas TPO \/ PVC \/ EPD"},"content":{"rendered":"\t\t<div data-elementor-type=\"wp-page\" data-elementor-id=\"2449\" class=\"elementor elementor-2449\" data-elementor-settings=\"{&quot;ha_cmc_init_switcher&quot;:&quot;no&quot;}\" data-elementor-post-type=\"page\">\n\t\t\t\t\t\t<section class=\"elementor-section elementor-top-section elementor-element elementor-element-5e813d90 elementor-section-boxed elementor-section-height-default elementor-section-height-default wd-section-disabled\" data-id=\"5e813d90\" data-element_type=\"section\" data-settings=\"{&quot;_ha_eqh_enable&quot;:false}\">\n\t\t\t\t\t\t<div class=\"elementor-container elementor-column-gap-default\">\n\t\t\t\t\t<div class=\"elementor-column elementor-col-100 elementor-top-column elementor-element elementor-element-42aaabdf\" data-id=\"42aaabdf\" data-element_type=\"column\">\n\t\t\t<div class=\"elementor-widget-wrap elementor-element-populated\">\n\t\t\t\t\t\t<div class=\"elementor-element elementor-element-4f4251fb ha-pg-grid-3 ha-pg-grid-tablet-2 ha-pg-grid-mobile-1 elementor-widget elementor-widget-ha-post-grid-new happy-addon ha-post-grid-new happy-addon-pro\" data-id=\"4f4251fb\" data-element_type=\"widget\" data-settings=\"{&quot;columns&quot;:&quot;3&quot;,&quot;columns_tablet&quot;:&quot;2&quot;,&quot;columns_mobile&quot;:&quot;1&quot;}\" data-widget_type=\"ha-post-grid-new.default\">\n\t\t\t\t<div class=\"elementor-widget-container\">\n\t\t\t\t\t\t\t\t\t\t\t<div class=\"ha-pg-wrapper ha-pg-default ha-pg-classic\">\n\t\t\t\t\t<div class=\"ha-pg-grid-wrap\">\n\t\t\t\t\t\n\t\t\t\t\t\t\t\t<div class=\"ha-pg-item\">\n\t\t\t\t\t\t\t<div class=\"ha-pg-thumb-area\">\n\t\t\t\t\t<a href=\"https:\/\/fslb.com.mx\/grupotensa\/cubiertas-nacionales\/\" class=\"ha-pg-thumb\">\n\t\t\t\t\t\t<img fetchpriority=\"high\" decoding=\"async\" width=\"550\" height=\"205\" src=\"https:\/\/fslb.com.mx\/grupotensa\/wp-content\/uploads\/2023\/05\/cunsa-1.png\" class=\"attachment-large size-large wp-post-image\" alt=\"\" srcset=\"https:\/\/fslb.com.mx\/grupotensa\/wp-content\/uploads\/2023\/05\/cunsa-1.png 550w, https:\/\/fslb.com.mx\/grupotensa\/wp-content\/uploads\/2023\/05\/cunsa-1-300x112.png 300w, https:\/\/fslb.com.mx\/grupotensa\/wp-content\/uploads\/2023\/05\/cunsa-1-399x149.png 399w\" sizes=\"(max-width: 550px) 100vw, 550px\" \/>\t\t\t\t\t<\/a>\n\t\t\t\t\t\t\t\t\t<\/div>\n\t\t\t\t\t\t<div class=\"ha-pg-content-area\">\n\n\t\t\t\t<h5 class=\"ha-pg-title\"><a href=\"https:\/\/fslb.com.mx\/grupotensa\/cubiertas-nacionales\/\">Cubiertas Nacionales<\/a><\/h5>\n\t\t\t\t\n\t\t\t\t\t\t\t<div class=\"ha-pg-excerpt\">\n\t\t\t\t<p>Perfil de la empresa EDIFICIOS MET\u00c1LICOS somos una empresa l\u00edder en construcci\u00f3n de cubiertas met\u00e1licas con Presencia Nacional, con m\u00e1s<\/p>\t\t\t<\/div>\n\t\t\n\t\t\t\t\t\t\t<\/div>\n\t\t<\/div>\n\t\n\t\t\t\t\t\n\t\t\t\t\t\t\t\t<div class=\"ha-pg-item\">\n\t\t\t\t\t\t\t<div class=\"ha-pg-thumb-area\">\n\t\t\t\t\t<a href=\"https:\/\/fslb.com.mx\/grupotensa\/mbc\/\" class=\"ha-pg-thumb\">\n\t\t\t\t\t\t<img decoding=\"async\" width=\"550\" height=\"205\" src=\"https:\/\/fslb.com.mx\/grupotensa\/wp-content\/uploads\/2023\/05\/Logo-MBC.png\" class=\"attachment-large size-large wp-post-image\" alt=\"\" srcset=\"https:\/\/fslb.com.mx\/grupotensa\/wp-content\/uploads\/2023\/05\/Logo-MBC.png 550w, https:\/\/fslb.com.mx\/grupotensa\/wp-content\/uploads\/2023\/05\/Logo-MBC-300x112.png 300w, https:\/\/fslb.com.mx\/grupotensa\/wp-content\/uploads\/2023\/05\/Logo-MBC-399x149.png 399w\" sizes=\"(max-width: 550px) 100vw, 550px\" \/>\t\t\t\t\t<\/a>\n\t\t\t\t\t\t\t\t\t<\/div>\n\t\t\t\t\t\t<div class=\"ha-pg-content-area\">\n\n\t\t\t\t<h5 class=\"ha-pg-title\"><a href=\"https:\/\/fslb.com.mx\/grupotensa\/mbc\/\">MBC<\/a><\/h5>\n\t\t\t\t\n\t\t\t\t\t\t\t<div class=\"ha-pg-excerpt\">\n\t\t\t\t<p>Perfil de la empresa Somos una empresa especialista en cubiertas met\u00e1licas para naves industriales y tiendas de autoservicio; gracias a<\/p>\t\t\t<\/div>\n\t\t\n\t\t\t\t\t\t\t<\/div>\n\t\t<\/div>\n\t\n\t\t\t\t\t\n\t\t\t\t\t\t\t\t<div class=\"ha-pg-item\">\n\t\t\t\t\t\t\t<div class=\"ha-pg-thumb-area\">\n\t\t\t\t\t<a href=\"https:\/\/fslb.com.mx\/grupotensa\/mbm\/\" class=\"ha-pg-thumb\">\n\t\t\t\t\t\t<img decoding=\"async\" width=\"550\" height=\"205\" src=\"https:\/\/fslb.com.mx\/grupotensa\/wp-content\/uploads\/2023\/05\/logo_mbm-1.png\" class=\"attachment-large size-large wp-post-image\" alt=\"\" srcset=\"https:\/\/fslb.com.mx\/grupotensa\/wp-content\/uploads\/2023\/05\/logo_mbm-1.png 550w, https:\/\/fslb.com.mx\/grupotensa\/wp-content\/uploads\/2023\/05\/logo_mbm-1-300x112.png 300w, https:\/\/fslb.com.mx\/grupotensa\/wp-content\/uploads\/2023\/05\/logo_mbm-1-399x149.png 399w\" sizes=\"(max-width: 550px) 100vw, 550px\" \/>\t\t\t\t\t<\/a>\n\t\t\t\t\t\t\t\t\t<\/div>\n\t\t\t\t\t\t<div class=\"ha-pg-content-area\">\n\n\t\t\t\t<h5 class=\"ha-pg-title\"><a href=\"https:\/\/fslb.com.mx\/grupotensa\/mbm\/\">MBM<\/a><\/h5>\n\t\t\t\t\n\t\t\t\t\t\t\t<div class=\"ha-pg-excerpt\">\n\t\t\t\t<p>Perfil de la empresa Metal Building Manufacturers es un fuerte l\u00edder en la construcci\u00f3n de edificios met\u00e1licos por su alta<\/p>\t\t\t<\/div>\n\t\t\n\t\t\t\t\t\t\t<\/div>\n\t\t<\/div>\n\t\n\t\t\t\t\t\n\t\t\t\t\t\t\t\t<div class=\"ha-pg-item\">\n\t\t\t\t\t\t\t<div class=\"ha-pg-thumb-area\">\n\t\t\t\t\t<a href=\"https:\/\/fslb.com.mx\/grupotensa\/metcon-del-norte\/\" class=\"ha-pg-thumb\">\n\t\t\t\t\t\t<img loading=\"lazy\" decoding=\"async\" width=\"550\" height=\"205\" src=\"https:\/\/fslb.com.mx\/grupotensa\/wp-content\/uploads\/2023\/05\/Metcon-del-norte.png\" class=\"attachment-large size-large wp-post-image\" alt=\"\" srcset=\"https:\/\/fslb.com.mx\/grupotensa\/wp-content\/uploads\/2023\/05\/Metcon-del-norte.png 550w, https:\/\/fslb.com.mx\/grupotensa\/wp-content\/uploads\/2023\/05\/Metcon-del-norte-300x112.png 300w, https:\/\/fslb.com.mx\/grupotensa\/wp-content\/uploads\/2023\/05\/Metcon-del-norte-399x149.png 399w\" sizes=\"(max-width: 550px) 100vw, 550px\" \/>\t\t\t\t\t<\/a>\n\t\t\t\t\t\t\t\t\t<\/div>\n\t\t\t\t\t\t<div class=\"ha-pg-content-area\">\n\n\t\t\t\t<h5 class=\"ha-pg-title\"><a href=\"https:\/\/fslb.com.mx\/grupotensa\/metcon-del-norte\/\">Metcon del Norte<\/a><\/h5>\n\t\t\t\t\n\t\t\t\t\t\t\t<div class=\"ha-pg-excerpt\">\n\t\t\t\t<p>Perfil de la empresa Metcon del Norte, S.A. de C.V., Empresa dedicada a la construcci\u00f3n met\u00e1lica desde el a\u00f1o 2006,<\/p>\t\t\t<\/div>\n\t\t\n\t\t\t\t\t\t\t<\/div>\n\t\t<\/div>\n\t\n\t\t\t\t\t\n\t\t\t\t\t\t\t\t<div class=\"ha-pg-item\">\n\t\t\t\t\t\t\t<div class=\"ha-pg-thumb-area\">\n\t\t\t\t\t<a href=\"https:\/\/fslb.com.mx\/grupotensa\/roofing-components\/\" class=\"ha-pg-thumb\">\n\t\t\t\t\t\t<img loading=\"lazy\" decoding=\"async\" width=\"550\" height=\"205\" src=\"https:\/\/fslb.com.mx\/grupotensa\/wp-content\/uploads\/2023\/05\/Logo_Roofing-Components.png\" class=\"attachment-large size-large wp-post-image\" alt=\"\" srcset=\"https:\/\/fslb.com.mx\/grupotensa\/wp-content\/uploads\/2023\/05\/Logo_Roofing-Components.png 550w, https:\/\/fslb.com.mx\/grupotensa\/wp-content\/uploads\/2023\/05\/Logo_Roofing-Components-300x112.png 300w, https:\/\/fslb.com.mx\/grupotensa\/wp-content\/uploads\/2023\/05\/Logo_Roofing-Components-399x149.png 399w\" sizes=\"(max-width: 550px) 100vw, 550px\" \/>\t\t\t\t\t<\/a>\n\t\t\t\t\t\t\t\t\t<\/div>\n\t\t\t\t\t\t<div class=\"ha-pg-content-area\">\n\n\t\t\t\t<h5 class=\"ha-pg-title\"><a href=\"https:\/\/fslb.com.mx\/grupotensa\/roofing-components\/\">Roofing Components<\/a><\/h5>\n\t\t\t\t\n\t\t\t\t\t\t\t<div class=\"ha-pg-excerpt\">\n\t\t\t\t<p>Perfil de la empresa Somos especialistas en sistemas de imper-aislamiento, (impermeabilizaci\u00f3n-con aislantes termoacusticos), para sistemas de ahorro de energ\u00eda, buscamos<\/p>\t\t\t<\/div>\n\t\t\n\t\t\t\t\t\t\t<\/div>\n\t\t<\/div>\n\t\n\t\t\t\t\t\n\t\t\t\t\t\t\t\t<div class=\"ha-pg-item\">\n\t\t\t\t\t\t\t<div class=\"ha-pg-thumb-area\">\n\t\t\t\t\t<a href=\"https:\/\/fslb.com.mx\/grupotensa\/tecnotechos\/\" class=\"ha-pg-thumb\">\n\t\t\t\t\t\t<img loading=\"lazy\" decoding=\"async\" width=\"550\" height=\"205\" src=\"https:\/\/fslb.com.mx\/grupotensa\/wp-content\/uploads\/2023\/05\/tecnotechos-logo.png\" class=\"attachment-large size-large wp-post-image\" alt=\"\" srcset=\"https:\/\/fslb.com.mx\/grupotensa\/wp-content\/uploads\/2023\/05\/tecnotechos-logo.png 550w, https:\/\/fslb.com.mx\/grupotensa\/wp-content\/uploads\/2023\/05\/tecnotechos-logo-300x112.png 300w, https:\/\/fslb.com.mx\/grupotensa\/wp-content\/uploads\/2023\/05\/tecnotechos-logo-399x149.png 399w\" sizes=\"(max-width: 550px) 100vw, 550px\" \/>\t\t\t\t\t<\/a>\n\t\t\t\t\t\t\t\t\t<\/div>\n\t\t\t\t\t\t<div class=\"ha-pg-content-area\">\n\n\t\t\t\t<h5 class=\"ha-pg-title\"><a href=\"https:\/\/fslb.com.mx\/grupotensa\/tecnotechos\/\">Tecnotechos<\/a><\/h5>\n\t\t\t\t\n\t\t\t\t\t\t\t<div class=\"ha-pg-excerpt\">\n\t\t\t\t<p>Perfil de la empresa Compa\u00f1\u00eda especializada en el dise\u00f1o, instalaci\u00f3n y mantenimiento de cubiertas met\u00e1licas y sistemas de impermeabilizaci\u00f3n SinglePly<\/p>\t\t\t<\/div>\n\t\t\n\t\t\t\t\t\t\t<\/div>\n\t\t<\/div>\n\t\n\t\t\t\t\t\n\t\t\t\t\t\t\t\t<div class=\"ha-pg-item\">\n\t\t\t\t\t\t\t<div class=\"ha-pg-thumb-area\">\n\t\t\t\t\t<a href=\"https:\/\/fslb.com.mx\/grupotensa\/techos-nacionales\/\" class=\"ha-pg-thumb\">\n\t\t\t\t\t\t<img loading=\"lazy\" decoding=\"async\" width=\"821\" height=\"392\" src=\"https:\/\/fslb.com.mx\/grupotensa\/wp-content\/uploads\/2023\/05\/tensa-1-e1692325163910.png\" class=\"attachment-large size-large wp-post-image\" alt=\"\" srcset=\"https:\/\/fslb.com.mx\/grupotensa\/wp-content\/uploads\/2023\/05\/tensa-1-e1692325163910.png 821w, https:\/\/fslb.com.mx\/grupotensa\/wp-content\/uploads\/2023\/05\/tensa-1-e1692325163910-400x191.png 400w, https:\/\/fslb.com.mx\/grupotensa\/wp-content\/uploads\/2023\/05\/tensa-1-e1692325163910-768x367.png 768w, https:\/\/fslb.com.mx\/grupotensa\/wp-content\/uploads\/2023\/05\/tensa-1-e1692325163910-430x205.png 430w, https:\/\/fslb.com.mx\/grupotensa\/wp-content\/uploads\/2023\/05\/tensa-1-e1692325163910-700x334.png 700w, https:\/\/fslb.com.mx\/grupotensa\/wp-content\/uploads\/2023\/05\/tensa-1-e1692325163910-150x72.png 150w\" sizes=\"(max-width: 821px) 100vw, 821px\" \/>\t\t\t\t\t<\/a>\n\t\t\t\t\t\t\t\t\t<\/div>\n\t\t\t\t\t\t<div class=\"ha-pg-content-area\">\n\n\t\t\t\t<h5 class=\"ha-pg-title\"><a href=\"https:\/\/fslb.com.mx\/grupotensa\/techos-nacionales\/\">Techos Nacionales<\/a><\/h5>\n\t\t\t\t\n\t\t\t\t\t\t\t<div class=\"ha-pg-excerpt\">\n\t\t\t\t<p>Perfil de la empresa Techos Nacionales inicia operaciones en enero de 1989 con objetivos claros de transcender en el \u00e1rea<\/p>\t\t\t<\/div>\n\t\t\n\t\t\t\t\t\t\t<\/div>\n\t\t<\/div>\n\t\n\t\t\t\t\t\n\t\t\t\t\t\t\t\t<div class=\"ha-pg-item\">\n\t\t\t\t\t\t\t<div class=\"ha-pg-thumb-area\">\n\t\t\t\t\t<a href=\"https:\/\/fslb.com.mx\/grupotensa\/transformadora-industrial-metalica\/\" class=\"ha-pg-thumb\">\n\t\t\t\t\t\t<img loading=\"lazy\" decoding=\"async\" width=\"550\" height=\"205\" src=\"https:\/\/fslb.com.mx\/grupotensa\/wp-content\/uploads\/2023\/05\/TIMSA.png\" class=\"attachment-large size-large wp-post-image\" alt=\"\" srcset=\"https:\/\/fslb.com.mx\/grupotensa\/wp-content\/uploads\/2023\/05\/TIMSA.png 550w, https:\/\/fslb.com.mx\/grupotensa\/wp-content\/uploads\/2023\/05\/TIMSA-300x112.png 300w, https:\/\/fslb.com.mx\/grupotensa\/wp-content\/uploads\/2023\/05\/TIMSA-399x149.png 399w\" sizes=\"(max-width: 550px) 100vw, 550px\" \/>\t\t\t\t\t<\/a>\n\t\t\t\t\t\t\t\t\t<\/div>\n\t\t\t\t\t\t<div class=\"ha-pg-content-area\">\n\n\t\t\t\t<h5 class=\"ha-pg-title\"><a href=\"https:\/\/fslb.com.mx\/grupotensa\/transformadora-industrial-metalica\/\">Transformadora Industrial Met\u00e1lica<\/a><\/h5>\n\t\t\t\t\n\t\t\t\t\t\t\t<div class=\"ha-pg-excerpt\">\n\t\t\t\t<p>Perfil de la empresa Somos una empresa s\u00f3lida en constante crecimiento en la industria de la construcci\u00f3n de edificios met\u00e1licos<\/p>\t\t\t<\/div>\n\t\t\n\t\t\t\t\t\t\t<\/div>\n\t\t<\/div>\n\t\n\t\t\t\t\t\n\t\t\t\t\t\t\t\t<div class=\"ha-pg-item\">\n\t\t\t\t\t\t\t<div class=\"ha-pg-thumb-area\">\n\t\t\t\t\t<a href=\"https:\/\/fslb.com.mx\/grupotensa\/metal-roofing\/\" class=\"ha-pg-thumb\">\n\t\t\t\t\t\t<img loading=\"lazy\" decoding=\"async\" width=\"550\" height=\"205\" src=\"https:\/\/fslb.com.mx\/grupotensa\/wp-content\/uploads\/2023\/05\/Metal-Roofing_page-0001-1.png\" class=\"attachment-large size-large wp-post-image\" alt=\"\" srcset=\"https:\/\/fslb.com.mx\/grupotensa\/wp-content\/uploads\/2023\/05\/Metal-Roofing_page-0001-1.png 550w, https:\/\/fslb.com.mx\/grupotensa\/wp-content\/uploads\/2023\/05\/Metal-Roofing_page-0001-1-300x112.png 300w, https:\/\/fslb.com.mx\/grupotensa\/wp-content\/uploads\/2023\/05\/Metal-Roofing_page-0001-1-399x149.png 399w\" sizes=\"(max-width: 550px) 100vw, 550px\" \/>\t\t\t\t\t<\/a>\n\t\t\t\t\t\t\t\t\t<\/div>\n\t\t\t\t\t\t<div class=\"ha-pg-content-area\">\n\n\t\t\t\t<h5 class=\"ha-pg-title\"><a href=\"https:\/\/fslb.com.mx\/grupotensa\/metal-roofing\/\">Metal Roofing<\/a><\/h5>\n\t\t\t\t\n\t\t\t\t\t\t\t<div class=\"ha-pg-excerpt\">\n\t\t\t\t<p>Perfil de la empresa Metal Roofing es una empresa perteneciente a GRUPO TENSA con la vision y los valores para<\/p>\t\t\t<\/div>\n\t\t\n\t\t\t\t\t\t\t<\/div>\n\t\t<\/div>\n\t\n\t\t\t\t\t\n\t\t\t\t\t\t\t\t<div class=\"ha-pg-item\">\n\t\t\t\t\t\t\t<div class=\"ha-pg-thumb-area\">\n\t\t\t\t\t<a href=\"https:\/\/fslb.com.mx\/grupotensa\/united-racks\/\" class=\"ha-pg-thumb\">\n\t\t\t\t\t\t<img loading=\"lazy\" decoding=\"async\" width=\"550\" height=\"205\" src=\"https:\/\/fslb.com.mx\/grupotensa\/wp-content\/uploads\/2023\/05\/United-Racks-1.png\" class=\"attachment-large size-large wp-post-image\" alt=\"\" srcset=\"https:\/\/fslb.com.mx\/grupotensa\/wp-content\/uploads\/2023\/05\/United-Racks-1.png 550w, https:\/\/fslb.com.mx\/grupotensa\/wp-content\/uploads\/2023\/05\/United-Racks-1-300x112.png 300w, https:\/\/fslb.com.mx\/grupotensa\/wp-content\/uploads\/2023\/05\/United-Racks-1-399x149.png 399w\" sizes=\"(max-width: 550px) 100vw, 550px\" \/>\t\t\t\t\t<\/a>\n\t\t\t\t\t\t\t\t\t<\/div>\n\t\t\t\t\t\t<div class=\"ha-pg-content-area\">\n\n\t\t\t\t<h5 class=\"ha-pg-title\"><a href=\"https:\/\/fslb.com.mx\/grupotensa\/united-racks\/\">United Racks<\/a><\/h5>\n\t\t\t\t\n\t\t\t\t\t\t\t<div class=\"ha-pg-excerpt\">\n\t\t\t\t<p>Perfil de la empresa Somos una empresa mexicana comprometida con optimizar los espacios al ma\u0301ximo, implementando tecnologi\u0301a para generar valor<\/p>\t\t\t<\/div>\n\t\t\n\t\t\t\t\t\t\t<\/div>\n\t\t<\/div>\n\t\n\t\t\t\t\t\t\t\t\t\t\t\t\t\t\t<\/div>\n\t\t\t\t\t\t\t\t\t<\/div>\n\t\t\t\t\t\t\t\t\t<\/div>\n\t\t\t\t<\/div>\n\t\t\t\t\t<\/div>\n\t\t<\/div>\n\t\t\t\t\t<\/div>\n\t\t<\/section>\n\t\t\t\t<\/div>\n\t\t","protected":false},"excerpt":{"rendered":"<p>Cubiertas Nacionales Cubiertas Nacionales, S.A. de C.V. Av. Camarones #686, Col. El Recreo, M\u00e9xico, D.F. C.P. 02050 +52 (55) 5354<\/p>\n","protected":false},"author":1,"featured_media":0,"parent":0,"menu_order":0,"comment_status":"closed","ping_status":"closed","template":"","meta":{"footnotes":""},"class_list":["post-2449","page","type-page","status-publish","hentry"],"yoast_head":"<!-- This site is optimized with the Yoast SEO plugin v27.5 - https:\/\/yoast.com\/product\/yoast-seo-wordpress\/ -->\n<title>Membranas TPO \/ PVC \/ EPD - Grupo TENSA<\/title>\n<meta name=\"robots\" content=\"index, follow, max-snippet:-1, max-image-preview:large, max-video-preview:-1\" \/>\n<link rel=\"canonical\" href=\"https:\/\/fslb.com.mx\/grupotensa\/membranas-tpo-pvc-epd-2\/\" \/>\n<meta property=\"og:locale\" content=\"es_MX\" \/>\n<meta property=\"og:type\" content=\"article\" \/>\n<meta property=\"og:title\" content=\"Membranas TPO \/ PVC \/ EPD - Grupo TENSA\" \/>\n<meta property=\"og:description\" content=\"Cubiertas Nacionales Cubiertas Nacionales, S.A. de C.V. Av. Camarones #686, Col. El Recreo, M\u00e9xico, D.F. C.P. 02050 +52 (55) 5354\" \/>\n<meta property=\"og:url\" content=\"https:\/\/fslb.com.mx\/grupotensa\/membranas-tpo-pvc-epd-2\/\" \/>\n<meta property=\"og:site_name\" content=\"Grupo TENSA\" \/>\n<meta property=\"article:modified_time\" content=\"2023-07-26T03:47:23+00:00\" \/>\n<meta property=\"og:image\" content=\"https:\/\/fslb.com.mx\/grupotensa\/wp-content\/uploads\/2023\/05\/cunsa-1.png\" \/>\n<meta name=\"twitter:card\" content=\"summary_large_image\" \/>\n<meta name=\"twitter:label1\" content=\"Tiempo de lectura\" \/>\n\t<meta name=\"twitter:data1\" content=\"6 minutos\" \/>\n<script type=\"application\/ld+json\" class=\"yoast-schema-graph\">{\"@context\":\"https:\\\/\\\/schema.org\",\"@graph\":[{\"@type\":\"WebPage\",\"@id\":\"https:\\\/\\\/fslb.com.mx\\\/grupotensa\\\/membranas-tpo-pvc-epd-2\\\/\",\"url\":\"https:\\\/\\\/fslb.com.mx\\\/grupotensa\\\/membranas-tpo-pvc-epd-2\\\/\",\"name\":\"Membranas TPO \\\/ PVC \\\/ EPD - Grupo TENSA\",\"isPartOf\":{\"@id\":\"https:\\\/\\\/fslb.com.mx\\\/grupotensa\\\/#website\"},\"primaryImageOfPage\":{\"@id\":\"https:\\\/\\\/fslb.com.mx\\\/grupotensa\\\/membranas-tpo-pvc-epd-2\\\/#primaryimage\"},\"image\":{\"@id\":\"https:\\\/\\\/fslb.com.mx\\\/grupotensa\\\/membranas-tpo-pvc-epd-2\\\/#primaryimage\"},\"thumbnailUrl\":\"https:\\\/\\\/fslb.com.mx\\\/grupotensa\\\/wp-content\\\/uploads\\\/2023\\\/05\\\/cunsa-1.png\",\"datePublished\":\"2023-06-16T18:38:12+00:00\",\"dateModified\":\"2023-07-26T03:47:23+00:00\",\"breadcrumb\":{\"@id\":\"https:\\\/\\\/fslb.com.mx\\\/grupotensa\\\/membranas-tpo-pvc-epd-2\\\/#breadcrumb\"},\"inLanguage\":\"es\",\"potentialAction\":[{\"@type\":\"ReadAction\",\"target\":[\"https:\\\/\\\/fslb.com.mx\\\/grupotensa\\\/membranas-tpo-pvc-epd-2\\\/\"]}]},{\"@type\":\"ImageObject\",\"inLanguage\":\"es\",\"@id\":\"https:\\\/\\\/fslb.com.mx\\\/grupotensa\\\/membranas-tpo-pvc-epd-2\\\/#primaryimage\",\"url\":\"https:\\\/\\\/fslb.com.mx\\\/grupotensa\\\/wp-content\\\/uploads\\\/2023\\\/05\\\/cunsa-1.png\",\"contentUrl\":\"https:\\\/\\\/fslb.com.mx\\\/grupotensa\\\/wp-content\\\/uploads\\\/2023\\\/05\\\/cunsa-1.png\",\"width\":550,\"height\":205},{\"@type\":\"BreadcrumbList\",\"@id\":\"https:\\\/\\\/fslb.com.mx\\\/grupotensa\\\/membranas-tpo-pvc-epd-2\\\/#breadcrumb\",\"itemListElement\":[{\"@type\":\"ListItem\",\"position\":1,\"name\":\"Home\",\"item\":\"https:\\\/\\\/fslb.com.mx\\\/grupotensa\\\/\"},{\"@type\":\"ListItem\",\"position\":2,\"name\":\"Membranas TPO \\\/ PVC \\\/ EPD\"}]},{\"@type\":\"WebSite\",\"@id\":\"https:\\\/\\\/fslb.com.mx\\\/grupotensa\\\/#website\",\"url\":\"https:\\\/\\\/fslb.com.mx\\\/grupotensa\\\/\",\"name\":\"Grupo TENSA\",\"description\":\"El grupo de empresas l\u00edder en el mercado de Construcci\u00f3n y Comercializaci\u00f3n de Naves Industriales Met\u00e1licas y sus componentes.\",\"potentialAction\":[{\"@type\":\"SearchAction\",\"target\":{\"@type\":\"EntryPoint\",\"urlTemplate\":\"https:\\\/\\\/fslb.com.mx\\\/grupotensa\\\/?s={search_term_string}\"},\"query-input\":{\"@type\":\"PropertyValueSpecification\",\"valueRequired\":true,\"valueName\":\"search_term_string\"}}],\"inLanguage\":\"es\"}]}<\/script>\n<!-- \/ Yoast SEO plugin. -->","yoast_head_json":{"title":"Membranas TPO \/ PVC \/ EPD - Grupo TENSA","robots":{"index":"index","follow":"follow","max-snippet":"max-snippet:-1","max-image-preview":"max-image-preview:large","max-video-preview":"max-video-preview:-1"},"canonical":"https:\/\/fslb.com.mx\/grupotensa\/membranas-tpo-pvc-epd-2\/","og_locale":"es_MX","og_type":"article","og_title":"Membranas TPO \/ PVC \/ EPD - Grupo TENSA","og_description":"Cubiertas Nacionales Cubiertas Nacionales, S.A. de C.V. Av. Camarones #686, Col. El Recreo, M\u00e9xico, D.F. C.P. 02050 +52 (55) 5354","og_url":"https:\/\/fslb.com.mx\/grupotensa\/membranas-tpo-pvc-epd-2\/","og_site_name":"Grupo TENSA","article_modified_time":"2023-07-26T03:47:23+00:00","og_image":[{"url":"https:\/\/fslb.com.mx\/grupotensa\/wp-content\/uploads\/2023\/05\/cunsa-1.png","type":"","width":"","height":""}],"twitter_card":"summary_large_image","twitter_misc":{"Tiempo de lectura":"6 minutos"},"schema":{"@context":"https:\/\/schema.org","@graph":[{"@type":"WebPage","@id":"https:\/\/fslb.com.mx\/grupotensa\/membranas-tpo-pvc-epd-2\/","url":"https:\/\/fslb.com.mx\/grupotensa\/membranas-tpo-pvc-epd-2\/","name":"Membranas TPO \/ PVC \/ EPD - Grupo TENSA","isPartOf":{"@id":"https:\/\/fslb.com.mx\/grupotensa\/#website"},"primaryImageOfPage":{"@id":"https:\/\/fslb.com.mx\/grupotensa\/membranas-tpo-pvc-epd-2\/#primaryimage"},"image":{"@id":"https:\/\/fslb.com.mx\/grupotensa\/membranas-tpo-pvc-epd-2\/#primaryimage"},"thumbnailUrl":"https:\/\/fslb.com.mx\/grupotensa\/wp-content\/uploads\/2023\/05\/cunsa-1.png","datePublished":"2023-06-16T18:38:12+00:00","dateModified":"2023-07-26T03:47:23+00:00","breadcrumb":{"@id":"https:\/\/fslb.com.mx\/grupotensa\/membranas-tpo-pvc-epd-2\/#breadcrumb"},"inLanguage":"es","potentialAction":[{"@type":"ReadAction","target":["https:\/\/fslb.com.mx\/grupotensa\/membranas-tpo-pvc-epd-2\/"]}]},{"@type":"ImageObject","inLanguage":"es","@id":"https:\/\/fslb.com.mx\/grupotensa\/membranas-tpo-pvc-epd-2\/#primaryimage","url":"https:\/\/fslb.com.mx\/grupotensa\/wp-content\/uploads\/2023\/05\/cunsa-1.png","contentUrl":"https:\/\/fslb.com.mx\/grupotensa\/wp-content\/uploads\/2023\/05\/cunsa-1.png","width":550,"height":205},{"@type":"BreadcrumbList","@id":"https:\/\/fslb.com.mx\/grupotensa\/membranas-tpo-pvc-epd-2\/#breadcrumb","itemListElement":[{"@type":"ListItem","position":1,"name":"Home","item":"https:\/\/fslb.com.mx\/grupotensa\/"},{"@type":"ListItem","position":2,"name":"Membranas TPO \/ PVC \/ EPD"}]},{"@type":"WebSite","@id":"https:\/\/fslb.com.mx\/grupotensa\/#website","url":"https:\/\/fslb.com.mx\/grupotensa\/","name":"Grupo TENSA","description":"El grupo de empresas l\u00edder en el mercado de Construcci\u00f3n y Comercializaci\u00f3n de Naves Industriales Met\u00e1licas y sus componentes.","potentialAction":[{"@type":"SearchAction","target":{"@type":"EntryPoint","urlTemplate":"https:\/\/fslb.com.mx\/grupotensa\/?s={search_term_string}"},"query-input":{"@type":"PropertyValueSpecification","valueRequired":true,"valueName":"search_term_string"}}],"inLanguage":"es"}]}},"_links":{"self":[{"href":"https:\/\/fslb.com.mx\/grupotensa\/wp-json\/wp\/v2\/pages\/2449","targetHints":{"allow":["GET"]}}],"collection":[{"href":"https:\/\/fslb.com.mx\/grupotensa\/wp-json\/wp\/v2\/pages"}],"about":[{"href":"https:\/\/fslb.com.mx\/grupotensa\/wp-json\/wp\/v2\/types\/page"}],"author":[{"embeddable":true,"href":"https:\/\/fslb.com.mx\/grupotensa\/wp-json\/wp\/v2\/users\/1"}],"replies":[{"embeddable":true,"href":"https:\/\/fslb.com.mx\/grupotensa\/wp-json\/wp\/v2\/comments?post=2449"}],"version-history":[{"count":4,"href":"https:\/\/fslb.com.mx\/grupotensa\/wp-json\/wp\/v2\/pages\/2449\/revisions"}],"predecessor-version":[{"id":15864,"href":"https:\/\/fslb.com.mx\/grupotensa\/wp-json\/wp\/v2\/pages\/2449\/revisions\/15864"}],"wp:attachment":[{"href":"https:\/\/fslb.com.mx\/grupotensa\/wp-json\/wp\/v2\/media?parent=2449"}],"curies":[{"name":"wp","href":"https:\/\/api.w.org\/{rel}","templated":true}]}}