{"id":2417,"date":"2023-06-16T17:41:16","date_gmt":"2023-06-16T17:41:16","guid":{"rendered":"https:\/\/fslb.com.mx\/grupotensa\/?page_id=2417"},"modified":"2023-07-25T20:30:01","modified_gmt":"2023-07-26T02:30:01","slug":"membranas-tpo-pvc-epd","status":"publish","type":"page","link":"https:\/\/fslb.com.mx\/grupotensa\/membranas-tpo-pvc-epd\/","title":{"rendered":"Membranas TPO PVC EPD"},"content":{"rendered":"\t\t<div data-elementor-type=\"wp-page\" data-elementor-id=\"2417\" class=\"elementor elementor-2417\" data-elementor-settings=\"{&quot;ha_cmc_init_switcher&quot;:&quot;no&quot;}\" data-elementor-post-type=\"page\">\n\t\t\t\t\t\t<section class=\"elementor-section elementor-top-section elementor-element elementor-element-29b6903a elementor-section-boxed elementor-section-height-default elementor-section-height-default wd-section-disabled\" data-id=\"29b6903a\" data-element_type=\"section\" data-settings=\"{&quot;_ha_eqh_enable&quot;:false}\">\n\t\t\t\t\t\t<div class=\"elementor-container elementor-column-gap-default\">\n\t\t\t\t\t<div class=\"elementor-column elementor-col-100 elementor-top-column elementor-element elementor-element-5cdd6e3e\" data-id=\"5cdd6e3e\" data-element_type=\"column\">\n\t\t\t<div class=\"elementor-widget-wrap elementor-element-populated\">\n\t\t\t\t\t\t<div class=\"elementor-element elementor-element-3a7de420 ha-pg-grid-3 ha-pg-grid-tablet-2 ha-pg-grid-mobile-1 elementor-widget elementor-widget-ha-post-grid-new happy-addon ha-post-grid-new happy-addon-pro\" data-id=\"3a7de420\" data-element_type=\"widget\" data-settings=\"{&quot;columns&quot;:&quot;3&quot;,&quot;columns_tablet&quot;:&quot;2&quot;,&quot;columns_mobile&quot;:&quot;1&quot;}\" data-widget_type=\"ha-post-grid-new.default\">\n\t\t\t\t<div class=\"elementor-widget-container\">\n\t\t\t\t\t\t\t\t\t\t\t<div class=\"ha-pg-wrapper ha-pg-default ha-pg-classic\">\n\t\t\t\t\t<div class=\"ha-pg-grid-wrap\">\n\t\t\t\t\t\n\t\t\t\t\t\t\t\t<div class=\"ha-pg-item\">\n\t\t\t\t\t\t\t<div class=\"ha-pg-thumb-area\">\n\t\t\t\t\t<a href=\"https:\/\/fslb.com.mx\/grupotensa\/aislamientos-y-mas\/\" class=\"ha-pg-thumb\">\n\t\t\t\t\t\t<img fetchpriority=\"high\" decoding=\"async\" width=\"550\" height=\"205\" src=\"https:\/\/fslb.com.mx\/grupotensa\/wp-content\/uploads\/2023\/05\/aislamientos-y-mas.png\" class=\"attachment-large size-large wp-post-image\" alt=\"\" srcset=\"https:\/\/fslb.com.mx\/grupotensa\/wp-content\/uploads\/2023\/05\/aislamientos-y-mas.png 550w, https:\/\/fslb.com.mx\/grupotensa\/wp-content\/uploads\/2023\/05\/aislamientos-y-mas-300x112.png 300w, https:\/\/fslb.com.mx\/grupotensa\/wp-content\/uploads\/2023\/05\/aislamientos-y-mas-399x149.png 399w\" sizes=\"(max-width: 550px) 100vw, 550px\" \/>\t\t\t\t\t<\/a>\n\t\t\t\t\t\t\t\t\t<\/div>\n\t\t\t\t\t\t<div class=\"ha-pg-content-area\">\n\n\t\t\t\t<h5 class=\"ha-pg-title\"><a href=\"https:\/\/fslb.com.mx\/grupotensa\/aislamientos-y-mas\/\">Aislamientos y M\u00e1s<\/a><\/h5>\n\t\t\t\t\n\t\t\t\t\t\t\t<div class=\"ha-pg-excerpt\">\n\t\t\t\t<p>Perfil de la empresa Aislamientos y M\u00e1s, S.A. de C.V. Es una empresa especializada en la comercializaci\u00f3n de productos aislantes<\/p>\t\t\t<\/div>\n\t\t\n\t\t\t\t\t\t\t<\/div>\n\t\t<\/div>\n\t\n\t\t\t\t\t\n\t\t\t\t\t\t\t\t<div class=\"ha-pg-item\">\n\t\t\t\t\t\t\t<div class=\"ha-pg-thumb-area\">\n\t\t\t\t\t<a href=\"https:\/\/fslb.com.mx\/grupotensa\/gharman-solutions\/\" class=\"ha-pg-thumb\">\n\t\t\t\t\t\t<img decoding=\"async\" width=\"1300\" height=\"560\" src=\"https:\/\/fslb.com.mx\/grupotensa\/wp-content\/uploads\/2023\/08\/gharman-1300x560.png\" class=\"attachment-large size-large wp-post-image\" alt=\"\" srcset=\"https:\/\/fslb.com.mx\/grupotensa\/wp-content\/uploads\/2023\/08\/gharman-1300x560.png 1300w, https:\/\/fslb.com.mx\/grupotensa\/wp-content\/uploads\/2023\/08\/gharman-400x172.png 400w, https:\/\/fslb.com.mx\/grupotensa\/wp-content\/uploads\/2023\/08\/gharman-768x331.png 768w, https:\/\/fslb.com.mx\/grupotensa\/wp-content\/uploads\/2023\/08\/gharman-1536x662.png 1536w, https:\/\/fslb.com.mx\/grupotensa\/wp-content\/uploads\/2023\/08\/gharman-860x371.png 860w, https:\/\/fslb.com.mx\/grupotensa\/wp-content\/uploads\/2023\/08\/gharman-430x185.png 430w, https:\/\/fslb.com.mx\/grupotensa\/wp-content\/uploads\/2023\/08\/gharman-700x302.png 700w, https:\/\/fslb.com.mx\/grupotensa\/wp-content\/uploads\/2023\/08\/gharman-150x65.png 150w, https:\/\/fslb.com.mx\/grupotensa\/wp-content\/uploads\/2023\/08\/gharman.png 2048w\" sizes=\"(max-width: 1300px) 100vw, 1300px\" \/>\t\t\t\t\t<\/a>\n\t\t\t\t\t\t\t\t\t<\/div>\n\t\t\t\t\t\t<div class=\"ha-pg-content-area\">\n\n\t\t\t\t<h5 class=\"ha-pg-title\"><a href=\"https:\/\/fslb.com.mx\/grupotensa\/gharman-solutions\/\">Gharman Solutions<\/a><\/h5>\n\t\t\t\t\n\t\t\t\t\t\t\t<div class=\"ha-pg-excerpt\">\n\t\t\t\t<p>Perfil de la empresa Gharman Solutions inici\u00f3 operaciones en 2005 con la visi\u00f3n de ser una empresa s\u00f3lida que ofrezca<\/p>\t\t\t<\/div>\n\t\t\n\t\t\t\t\t\t\t<\/div>\n\t\t<\/div>\n\t\n\t\t\t\t\t\t\t\t\t\t\t\t\t\t\t<\/div>\n\t\t\t\t\t\t\t\t\t<\/div>\n\t\t\t\t\t\t\t\t\t<\/div>\n\t\t\t\t<\/div>\n\t\t\t\t\t<\/div>\n\t\t<\/div>\n\t\t\t\t\t<\/div>\n\t\t<\/section>\n\t\t\t\t<\/div>\n\t\t","protected":false},"excerpt":{"rendered":"<p>Aislamientos y M\u00e1s Aislamientos y M\u00e1s, S.A. de C.V. Blvd. Gral. Rodolfo S\u00e1nchez Taboada 9, Zona Urbana Rio Tijuana, 22010<\/p>\n","protected":false},"author":1,"featured_media":0,"parent":0,"menu_order":0,"comment_status":"closed","ping_status":"closed","template":"","meta":{"footnotes":""},"class_list":["post-2417","page","type-page","status-publish","hentry"],"yoast_head":"<!-- This site is optimized with the Yoast SEO plugin v27.5 - https:\/\/yoast.com\/product\/yoast-seo-wordpress\/ -->\n<title>Membranas TPO PVC EPD - Grupo TENSA<\/title>\n<meta name=\"robots\" content=\"index, follow, max-snippet:-1, max-image-preview:large, max-video-preview:-1\" \/>\n<link rel=\"canonical\" href=\"https:\/\/fslb.com.mx\/grupotensa\/membranas-tpo-pvc-epd\/\" \/>\n<meta property=\"og:locale\" content=\"es_MX\" \/>\n<meta property=\"og:type\" content=\"article\" \/>\n<meta property=\"og:title\" content=\"Membranas TPO PVC EPD - Grupo TENSA\" \/>\n<meta property=\"og:description\" content=\"Aislamientos y M\u00e1s Aislamientos y M\u00e1s, S.A. de C.V. Blvd. Gral. Rodolfo S\u00e1nchez Taboada 9, Zona Urbana Rio Tijuana, 22010\" \/>\n<meta property=\"og:url\" content=\"https:\/\/fslb.com.mx\/grupotensa\/membranas-tpo-pvc-epd\/\" \/>\n<meta property=\"og:site_name\" content=\"Grupo TENSA\" \/>\n<meta property=\"article:modified_time\" content=\"2023-07-26T02:30:01+00:00\" \/>\n<meta property=\"og:image\" content=\"https:\/\/fslb.com.mx\/grupotensa\/wp-content\/uploads\/2023\/05\/aislamientos-y-mas.png\" \/>\n<meta name=\"twitter:card\" content=\"summary_large_image\" \/>\n<meta name=\"twitter:label1\" content=\"Tiempo de lectura\" \/>\n\t<meta name=\"twitter:data1\" content=\"6 minutos\" \/>\n<script type=\"application\/ld+json\" class=\"yoast-schema-graph\">{\"@context\":\"https:\\\/\\\/schema.org\",\"@graph\":[{\"@type\":\"WebPage\",\"@id\":\"https:\\\/\\\/fslb.com.mx\\\/grupotensa\\\/membranas-tpo-pvc-epd\\\/\",\"url\":\"https:\\\/\\\/fslb.com.mx\\\/grupotensa\\\/membranas-tpo-pvc-epd\\\/\",\"name\":\"Membranas TPO PVC EPD - Grupo TENSA\",\"isPartOf\":{\"@id\":\"https:\\\/\\\/fslb.com.mx\\\/grupotensa\\\/#website\"},\"primaryImageOfPage\":{\"@id\":\"https:\\\/\\\/fslb.com.mx\\\/grupotensa\\\/membranas-tpo-pvc-epd\\\/#primaryimage\"},\"image\":{\"@id\":\"https:\\\/\\\/fslb.com.mx\\\/grupotensa\\\/membranas-tpo-pvc-epd\\\/#primaryimage\"},\"thumbnailUrl\":\"https:\\\/\\\/fslb.com.mx\\\/grupotensa\\\/wp-content\\\/uploads\\\/2023\\\/05\\\/aislamientos-y-mas.png\",\"datePublished\":\"2023-06-16T17:41:16+00:00\",\"dateModified\":\"2023-07-26T02:30:01+00:00\",\"breadcrumb\":{\"@id\":\"https:\\\/\\\/fslb.com.mx\\\/grupotensa\\\/membranas-tpo-pvc-epd\\\/#breadcrumb\"},\"inLanguage\":\"es\",\"potentialAction\":[{\"@type\":\"ReadAction\",\"target\":[\"https:\\\/\\\/fslb.com.mx\\\/grupotensa\\\/membranas-tpo-pvc-epd\\\/\"]}]},{\"@type\":\"ImageObject\",\"inLanguage\":\"es\",\"@id\":\"https:\\\/\\\/fslb.com.mx\\\/grupotensa\\\/membranas-tpo-pvc-epd\\\/#primaryimage\",\"url\":\"https:\\\/\\\/fslb.com.mx\\\/grupotensa\\\/wp-content\\\/uploads\\\/2023\\\/05\\\/aislamientos-y-mas.png\",\"contentUrl\":\"https:\\\/\\\/fslb.com.mx\\\/grupotensa\\\/wp-content\\\/uploads\\\/2023\\\/05\\\/aislamientos-y-mas.png\",\"width\":550,\"height\":205},{\"@type\":\"BreadcrumbList\",\"@id\":\"https:\\\/\\\/fslb.com.mx\\\/grupotensa\\\/membranas-tpo-pvc-epd\\\/#breadcrumb\",\"itemListElement\":[{\"@type\":\"ListItem\",\"position\":1,\"name\":\"Home\",\"item\":\"https:\\\/\\\/fslb.com.mx\\\/grupotensa\\\/\"},{\"@type\":\"ListItem\",\"position\":2,\"name\":\"Membranas TPO PVC EPD\"}]},{\"@type\":\"WebSite\",\"@id\":\"https:\\\/\\\/fslb.com.mx\\\/grupotensa\\\/#website\",\"url\":\"https:\\\/\\\/fslb.com.mx\\\/grupotensa\\\/\",\"name\":\"Grupo TENSA\",\"description\":\"El grupo de empresas l\u00edder en el mercado de Construcci\u00f3n y Comercializaci\u00f3n de Naves Industriales Met\u00e1licas y sus componentes.\",\"potentialAction\":[{\"@type\":\"SearchAction\",\"target\":{\"@type\":\"EntryPoint\",\"urlTemplate\":\"https:\\\/\\\/fslb.com.mx\\\/grupotensa\\\/?s={search_term_string}\"},\"query-input\":{\"@type\":\"PropertyValueSpecification\",\"valueRequired\":true,\"valueName\":\"search_term_string\"}}],\"inLanguage\":\"es\"}]}<\/script>\n<!-- \/ Yoast SEO plugin. -->","yoast_head_json":{"title":"Membranas TPO PVC EPD - Grupo TENSA","robots":{"index":"index","follow":"follow","max-snippet":"max-snippet:-1","max-image-preview":"max-image-preview:large","max-video-preview":"max-video-preview:-1"},"canonical":"https:\/\/fslb.com.mx\/grupotensa\/membranas-tpo-pvc-epd\/","og_locale":"es_MX","og_type":"article","og_title":"Membranas TPO PVC EPD - Grupo TENSA","og_description":"Aislamientos y M\u00e1s Aislamientos y M\u00e1s, S.A. de C.V. Blvd. Gral. Rodolfo S\u00e1nchez Taboada 9, Zona Urbana Rio Tijuana, 22010","og_url":"https:\/\/fslb.com.mx\/grupotensa\/membranas-tpo-pvc-epd\/","og_site_name":"Grupo TENSA","article_modified_time":"2023-07-26T02:30:01+00:00","og_image":[{"url":"https:\/\/fslb.com.mx\/grupotensa\/wp-content\/uploads\/2023\/05\/aislamientos-y-mas.png","type":"","width":"","height":""}],"twitter_card":"summary_large_image","twitter_misc":{"Tiempo de lectura":"6 minutos"},"schema":{"@context":"https:\/\/schema.org","@graph":[{"@type":"WebPage","@id":"https:\/\/fslb.com.mx\/grupotensa\/membranas-tpo-pvc-epd\/","url":"https:\/\/fslb.com.mx\/grupotensa\/membranas-tpo-pvc-epd\/","name":"Membranas TPO PVC EPD - Grupo TENSA","isPartOf":{"@id":"https:\/\/fslb.com.mx\/grupotensa\/#website"},"primaryImageOfPage":{"@id":"https:\/\/fslb.com.mx\/grupotensa\/membranas-tpo-pvc-epd\/#primaryimage"},"image":{"@id":"https:\/\/fslb.com.mx\/grupotensa\/membranas-tpo-pvc-epd\/#primaryimage"},"thumbnailUrl":"https:\/\/fslb.com.mx\/grupotensa\/wp-content\/uploads\/2023\/05\/aislamientos-y-mas.png","datePublished":"2023-06-16T17:41:16+00:00","dateModified":"2023-07-26T02:30:01+00:00","breadcrumb":{"@id":"https:\/\/fslb.com.mx\/grupotensa\/membranas-tpo-pvc-epd\/#breadcrumb"},"inLanguage":"es","potentialAction":[{"@type":"ReadAction","target":["https:\/\/fslb.com.mx\/grupotensa\/membranas-tpo-pvc-epd\/"]}]},{"@type":"ImageObject","inLanguage":"es","@id":"https:\/\/fslb.com.mx\/grupotensa\/membranas-tpo-pvc-epd\/#primaryimage","url":"https:\/\/fslb.com.mx\/grupotensa\/wp-content\/uploads\/2023\/05\/aislamientos-y-mas.png","contentUrl":"https:\/\/fslb.com.mx\/grupotensa\/wp-content\/uploads\/2023\/05\/aislamientos-y-mas.png","width":550,"height":205},{"@type":"BreadcrumbList","@id":"https:\/\/fslb.com.mx\/grupotensa\/membranas-tpo-pvc-epd\/#breadcrumb","itemListElement":[{"@type":"ListItem","position":1,"name":"Home","item":"https:\/\/fslb.com.mx\/grupotensa\/"},{"@type":"ListItem","position":2,"name":"Membranas TPO PVC EPD"}]},{"@type":"WebSite","@id":"https:\/\/fslb.com.mx\/grupotensa\/#website","url":"https:\/\/fslb.com.mx\/grupotensa\/","name":"Grupo TENSA","description":"El grupo de empresas l\u00edder en el mercado de Construcci\u00f3n y Comercializaci\u00f3n de Naves Industriales Met\u00e1licas y sus componentes.","potentialAction":[{"@type":"SearchAction","target":{"@type":"EntryPoint","urlTemplate":"https:\/\/fslb.com.mx\/grupotensa\/?s={search_term_string}"},"query-input":{"@type":"PropertyValueSpecification","valueRequired":true,"valueName":"search_term_string"}}],"inLanguage":"es"}]}},"_links":{"self":[{"href":"https:\/\/fslb.com.mx\/grupotensa\/wp-json\/wp\/v2\/pages\/2417","targetHints":{"allow":["GET"]}}],"collection":[{"href":"https:\/\/fslb.com.mx\/grupotensa\/wp-json\/wp\/v2\/pages"}],"about":[{"href":"https:\/\/fslb.com.mx\/grupotensa\/wp-json\/wp\/v2\/types\/page"}],"author":[{"embeddable":true,"href":"https:\/\/fslb.com.mx\/grupotensa\/wp-json\/wp\/v2\/users\/1"}],"replies":[{"embeddable":true,"href":"https:\/\/fslb.com.mx\/grupotensa\/wp-json\/wp\/v2\/comments?post=2417"}],"version-history":[{"count":5,"href":"https:\/\/fslb.com.mx\/grupotensa\/wp-json\/wp\/v2\/pages\/2417\/revisions"}],"predecessor-version":[{"id":15828,"href":"https:\/\/fslb.com.mx\/grupotensa\/wp-json\/wp\/v2\/pages\/2417\/revisions\/15828"}],"wp:attachment":[{"href":"https:\/\/fslb.com.mx\/grupotensa\/wp-json\/wp\/v2\/media?parent=2417"}],"curies":[{"name":"wp","href":"https:\/\/api.w.org\/{rel}","templated":true}]}}